{"id":60,"date":"2019-03-20T17:23:25","date_gmt":"2019-03-20T16:23:25","guid":{"rendered":"http:\/\/lakelidone.com\/?page_id=60"},"modified":"2025-02-13T12:32:07","modified_gmt":"2025-02-13T11:32:07","slug":"les-realisations","status":"publish","type":"page","link":"https:\/\/lakelidone.com\/index.php\/les-realisations\/","title":{"rendered":"Les Cr\u00e9ations"},"content":{"rendered":"\t\t<div data-elementor-type=\"wp-post\" data-elementor-id=\"60\" class=\"elementor elementor-60\">\n\t\t\t\t\t\t<footer class=\"elementor-section elementor-top-section elementor-element elementor-element-2e567396 elementor-section-content-bottom elementor-section-full_width elementor-section-stretched elementor-section-height-default elementor-section-height-default wpr-particle-no wpr-jarallax-no wpr-parallax-no wpr-sticky-section-no wpr-equal-height-no\" data-id=\"2e567396\" data-element_type=\"section\" data-e-type=\"section\" data-settings=\"{&quot;background_background&quot;:&quot;classic&quot;,&quot;animation&quot;:&quot;none&quot;,&quot;stretch_section&quot;:&quot;section-stretched&quot;}\">\n\t\t\t\t\t\t<div class=\"elementor-container elementor-column-gap-no\">\n\t\t\t\t\t<div class=\"elementor-column elementor-col-100 elementor-top-column elementor-element elementor-element-5c333992\" data-id=\"5c333992\" data-element_type=\"column\" data-e-type=\"column\">\n\t\t\t<div class=\"elementor-widget-wrap elementor-element-populated\">\n\t\t\t\t\t\t<footer class=\"elementor-section elementor-inner-section elementor-element elementor-element-50cb0428 elementor-section-full_width elementor-section-content-bottom elementor-section-height-default elementor-section-height-default wpr-particle-no wpr-jarallax-no wpr-parallax-no wpr-sticky-section-no wpr-equal-height-no\" data-id=\"50cb0428\" data-element_type=\"section\" data-e-type=\"section\">\n\t\t\t\t\t\t<div class=\"elementor-container elementor-column-gap-default\">\n\t\t\t\t\t<div class=\"elementor-column elementor-col-100 elementor-inner-column elementor-element elementor-element-e5fd5c1\" data-id=\"e5fd5c1\" data-element_type=\"column\" data-e-type=\"column\" data-settings=\"{&quot;background_background&quot;:&quot;classic&quot;}\">\n\t\t\t<div class=\"elementor-widget-wrap elementor-element-populated\">\n\t\t\t\t\t\t<div class=\"elementor-element elementor-element-b2373f6 elementor-widget elementor-widget-pp-advanced-accordion\" data-id=\"b2373f6\" data-element_type=\"widget\" data-e-type=\"widget\" data-settings=\"{&quot;accordion_type&quot;:&quot;accordion&quot;,&quot;toggle_speed&quot;:300}\" data-widget_type=\"pp-advanced-accordion.default\">\n\t\t\t\t<div class=\"elementor-widget-container\">\n\t\t\t\t\t\t\t<div class=\"pp-advanced-accordion pp-toggle-icon-align-\" id=\"pp-advanced-accordion-b2373f6\" data-accordion-id=\"b2373f6\" role=\"tablist\">\n\t\t\t\t\t\t\t<div class=\"pp-accordion-item\">\n\t\t\t\t\t\t\t\t\t\t<div id=\"pp-accordion-tab-title-1861\" class=\"pp-accordion-tab-title\" tabindex=\"0\" data-tab=\"1\" role=\"tab\" aria-controls=\"pp-accordion-tab-content-1861\" aria-expanded=\"false\">\n\t\t\t\t\t\t<span class=\"pp-accordion-title-icon\">\n\t\t\t\t\t\t\t\t\t\t\t\t\t\t\t<span class=\"pp-accordion-tab-icon pp-icon\">\n\t\t\t\t\t\t\t\t\t<i aria-hidden=\"true\" class=\"fas fa-caret-down\"><\/i>\t\t\t\t\t\t\t\t<\/span>\n\t\t\t\t\t\t\t\t\t\t\t\t\t\t<span class=\"pp-accordion-title-text\">\n\t\t\t\t\t\t\t\tTh\u00e9\u00e2tre\t\t\t\t\t\t\t<\/span>\n\t\t\t\t\t\t<\/span>\n\t\t\t\t\t\t\t\t\t\t\t<\/div>\n\n\t\t\t\t\t<div id=\"pp-accordion-tab-content-1861\" class=\"pp-accordion-tab-content\" data-tab=\"1\" role=\"tabpanel\" aria-labelledby=\"pp-accordion-tab-title-1861\">\n\t\t\t\t\t\t<h3>Ann\u00e9es 2020<\/h3><p><strong>2022<\/strong> - <em>Ma vie sur un plateau<\/em> \u2013 Claude Montagn\u00e9<\/p><hr \/><h3>Ann\u00e9es 2010<\/h3><p><strong>2016<\/strong> - <em>Les Fables en folie<\/em> \u2013 Jean de la Fontaine<br \/><strong>2014<\/strong> - <em>La For\u00eat mouill\u00e9e - La Grand-m\u00e8re<\/em> \u2013 Victor Hugo <em>(cor\u00e9alisation Ville d\u2019Ussel)<\/em><br \/><strong>2013<\/strong> - <em>George Dandin<\/em> \u2013 Moli\u00e8re <em>(cor\u00e9alisation Ville d\u2019Ussel)<\/em><br \/><strong>2013<\/strong> - <em>La Der des Ders<\/em> \u2013 Montage Claude Montagn\u00e9<br \/><strong>2012<\/strong> - <em>Turcaret<\/em> \u2013 Alain Ren\u00e9 Lesage <em>(cor\u00e9alisation Ville d\u2019Ussel)<\/em><br \/><strong>2011<\/strong> - <em>Turbulences et Petits D\u00e9tails<\/em> \u2013 Denise Bonal <em>(cor\u00e9alisation Ville d\u2019Ussel)<\/em><br \/><strong>2011<\/strong> - <em>Meilleurs souvenirs de Grado<\/em> \u2013 Franz-Xaver Kroetz<\/p><hr \/><h3>Ann\u00e9es 2000<\/h3><p><strong>2009<\/strong> - <em>Travailler peu vivre beaucoup<\/em> \u2013 Dino Buzzati, Simone Weil, Franca Rame, Paul Lafargue, Laurence Biberfeld, Henri Pichette<br \/><strong>2008<\/strong> - <em>Le Cabaret de Lestrade<\/em> \u2013 Luc de Goustine<br \/><strong>2008<\/strong> - <em>Les Sentiers de l\u2019imaginaire<\/em> \u2013 d\u2019apr\u00e8s contes et l\u00e9gendes populaires<br \/><strong>2008<\/strong> - <em>Le Roi du Silence<\/em> \u2013 Cr\u00e9ation-commande de Laurence Biberfeld<br \/><strong>2007<\/strong> - <em>Au fil des mots<\/em> \u2013 d\u2019apr\u00e8s contes et l\u00e9gendes traditionnelles du Limousin<br \/><strong>2006<\/strong> - <em>Bienvenue au Village<\/em> \u2013 Cr\u00e9ation-commande de Catherine Lefran\u00e7ois<br \/><strong>2005<\/strong> - <em>De l\u2019intrigue et de l\u2019argent<\/em> \u2013 Parcours \u00e0 travers grandes \u0153uvres du r\u00e9pertoire classique<br \/><strong>2003<\/strong> - <em>Paroles de Femmes<\/em> \u2013 d\u2019apr\u00e8s l\u2019\u0153uvre d\u2019Yvonne Dubois<br \/><strong>2003<\/strong> - <em>Paroles de Poilus<\/em> \u2013 Lettres et Carnets du Front (1914-1918)<br \/><strong>2002<\/strong> - <em>Les Chiens ne font pas des chats<\/em> \u2013 Claude Bourgeyx <em>(mise en sc\u00e8ne Gilles David)<\/em><br \/><strong>2002<\/strong> - <em>Parades<\/em> \u2013 Thomas Simon Gueullette<br \/><strong>2001<\/strong> - <em>L\u2019Invitation aux voyages<\/em> \u2013 Charles Baudelaire<br \/><strong>2000<\/strong> - <em>Le Cavalier siamois<\/em> \u2013 Adaptation du r\u00e9cit de Richard Millet<\/p><hr \/><h3>Ann\u00e9es 1990<\/h3><p><strong>1999<\/strong> - <em>Annette et Lubin<\/em> \u2013 Pastorale de Jean-Fran\u00e7ois Marmontel<br \/><strong>1998<\/strong> - <em>L\u2019Amour flou<\/em> \u2013 Montage de textes d\u2019auteurs surr\u00e9alistes<br \/><strong>1997<\/strong> - <em>La Rose des Mers<\/em> \u2013 N\u00e9cati Cumali <em>(1\u00e8re cr\u00e9ation en France \u2013 tourn\u00e9e en Turquie, centres culturels d\u2019Istanbul, Izmir et Ankara)<\/em><br \/><strong>1996<\/strong> - <em>Farinades<\/em> \u2013 d\u2019apr\u00e8s les Farces du Moyen-\u00c2ge<br \/><strong>1995<\/strong> - <em>Un animal dans la lune<\/em> \u2013 d\u2019apr\u00e8s les Fables de La Fontaine<br \/><strong>1994<\/strong> - <em>La Jalousie du Barbouill\u00e9<\/em> \u2013 Moli\u00e8re<br \/><strong>1993<\/strong> - <em>Les Cancans<\/em> \u2013 Carlo Goldoni<br \/><strong>1992<\/strong> - <em>Pi\u00e8ces d\u00e9tach\u00e9es<\/em> \u2013 d\u2019apr\u00e8s plusieurs \u0153uvres de Moli\u00e8re<br \/><strong>1991<\/strong> - <em>Le Prince Grec<\/em> \u2013 Cr\u00e9ation-commande de Luc de Goustine<\/p><hr \/><h3>Ann\u00e9es 1980<\/h3><p><strong>1989<\/strong> - <em>Dom Juan<\/em> \u2013 d\u2019apr\u00e8s Moli\u00e8re <em>(tourn\u00e9e en Belgique et aux Pays-Bas)<\/em><br \/><strong>1988<\/strong> - <em>La Guerre aux \u00c9tangs<\/em> \u2013 Cr\u00e9ation-commande de Jacques Bens<br \/><strong>1988<\/strong> - <em>Avoir le Tigre<\/em> \u2013 Dario Fo<br \/><strong>1987<\/strong> - <em>La M\u00e8re Confidente<\/em> \u2013 Marivaux<br \/><strong>1986<\/strong> - <em>Geoffroy T\u00eate Noire<\/em> \u2013 Cr\u00e9ation-commande de Jacques Bens<\/p>\t\t\t\t\t<\/div>\n\t\t\t\t<\/div>\n\t\t\t\t\t\t\t<div class=\"pp-accordion-item\">\n\t\t\t\t\t\t\t\t\t\t<div id=\"pp-accordion-tab-title-1862\" class=\"pp-accordion-tab-title\" tabindex=\"0\" data-tab=\"2\" role=\"tab\" aria-controls=\"pp-accordion-tab-content-1862\" aria-expanded=\"false\">\n\t\t\t\t\t\t<span class=\"pp-accordion-title-icon\">\n\t\t\t\t\t\t\t\t\t\t\t\t\t\t\t<span class=\"pp-accordion-tab-icon pp-icon\">\n\t\t\t\t\t\t\t\t\t<i aria-hidden=\"true\" class=\"fas fa-caret-down\"><\/i>\t\t\t\t\t\t\t\t<\/span>\n\t\t\t\t\t\t\t\t\t\t\t\t\t\t<span class=\"pp-accordion-title-text\">\n\t\t\t\t\t\t\t\tLecture\t\t\t\t\t\t\t<\/span>\n\t\t\t\t\t\t<\/span>\n\t\t\t\t\t\t\t\t\t\t\t<\/div>\n\n\t\t\t\t\t<div id=\"pp-accordion-tab-content-1862\" class=\"pp-accordion-tab-content\" data-tab=\"2\" role=\"tabpanel\" aria-labelledby=\"pp-accordion-tab-title-1862\">\n\t\t\t\t\t\t<h3>Ann\u00e9es 2020<\/h3><p><strong>2025<\/strong>\u00a0- <em>Ecritures limousines<\/em> \u2013 Sylvie Peyronnet - Sylvette Marty - Laure Montagn\u00e9<br \/><strong style=\"font-size: 16px;\">2024<\/strong><span style=\"font-size: 16px;\"> - <\/span><em style=\"font-size: 16px;\">De l'\u00e9tincelle \u00e0 la flamme<\/em><span style=\"font-size: 16px;\"> \u2013 Sylvie Peyronnet et Marion Melnotte<br \/><\/span><strong>2022<\/strong> - <em>Paroles de Femmes<\/em> \u2013 Olympe de Gouges, Virginia Woolf, Gis\u00e8le Halimi, Camille Laurens<br \/><em>Et aussi : Marc Isra\u00ebl Lepelletier, Koulsy Lamko, Augey Makey, Moussa Konat\u00e9, Abderrahmane Loun\u00e8s<\/em> <em>(Festival Francophonies)<br \/><\/em><strong>2021<\/strong> - <em>Lecture Ga\u00eblle Josse<\/em><br \/><strong>2021<\/strong> - <em>La Grande Peur de Saint-Angel<\/em> \u2013 Luc de Goustine <em>(Journ\u00e9e du patrimoine)<\/em><br \/><strong>2021<\/strong> - <em>Lectures au Prieur\u00e9<\/em> \u2013 Simon Louradour, Marcelle Delpastre, Jean Giono, Georges Brassens, Maurice Barr\u00e8s, Marcel Pagnol, Max Rouquette, Jean de La Fontaine<\/p><hr \/><h3>Ann\u00e9es 2010<\/h3><p><strong>2017<\/strong> - <em>Des gens comme \u00e7a<\/em> \u2013 Claude Bourgeyx<br \/><strong>2017<\/strong> - <em>La Sieste litt\u00e9raire<\/em> \u2013 Montage po\u00e9tique \u00e0 partir d\u2019\u0153uvres de Victor Hugo, Charles Baudelaire, Luis Sep\u00falveda, Max Rouquette, Abdellatif La\u00e2bi<br \/><strong>2016<\/strong> - <em>La Parole contraire<\/em> \u2013 Erri de Luca<br \/><strong>2015<\/strong> - <em>Les Fianc\u00e9s de Vorey<\/em> \u2013 Thelma Dumas<br \/><strong>2013<\/strong> - <em>Le Jeu de Patience<\/em> \u2013 Louis Guilloux<br \/><strong>2012<\/strong> - <em>Les Justes<\/em> \u2013 Albert Camus<br \/><strong>2011<\/strong> - <em>Le Paysan c\u00e9leste<\/em> \u2013 Georges-Emmanuel Clancier<br \/><strong>2011<\/strong> - <em>Nouvelles pour la Libert\u00e9<\/em> \u2013 5 nouvelles du recueil Amnesty International <em>(Fran\u00e7ois Bott, Fran\u00e7ois Busnel, Per\u00e7y Kemp, J.-M. Le Cl\u00e9zio, G\u00e9rard Messadi\u00e9)<\/em><\/p><hr \/><h3>Ann\u00e9es 2000<\/h3><p><strong>2010<\/strong> - <em>M\u00e9moires<\/em> \u2013 Jean-Fran\u00e7ois Marmontel<br \/><strong>2009<\/strong> - <em>Le Baiser de la M\u00e9duse<\/em> \u2013 d\u2019apr\u00e8s l\u2019\u0153uvre de Marcelle Delpastre<br \/><strong>2008<\/strong> - <em>Alcools 1913<\/em> \u2013 Apollinaire<br \/><strong>2007<\/strong> - <em>Van Gogh<\/em> \u2013 Eric Noyer<br \/><strong>2006<\/strong> - <em>Recto Verso<\/em> \u2013 Correspondances anonymes de la Grande Guerre<br \/><strong>2005<\/strong> - <em>Novecento<\/em> \u2013 Alessandro Baricco<br \/><strong>2004<\/strong> - <em>L\u2019Hiver<\/em> \u2013 Richard Millet<br \/><strong>2003<\/strong> - <em>\u00c9crits d\u2019amour<\/em> \u2013 Claude Bourgeyx<\/p><hr \/><h3>Ann\u00e9es 1990<\/h3><p><strong>1998<\/strong> - <em>La Gloire des Pythre \u2013 L\u2019Amour des trois s\u0153urs Piale<\/em> \u2013 Richard Millet<br \/><strong>1997<\/strong> - <em>Montaigne, une \u00e2me toute n\u00f4tre<\/em> \u2013 Alain Postel<br \/><strong>1996<\/strong> - <em>La Petite Voiture de Flammes et de Voix<\/em> \u2013 Liliane Atlan<\/p>\t\t\t\t\t<\/div>\n\t\t\t\t<\/div>\n\t\t\t\t\t\t\t<div class=\"pp-accordion-item\">\n\t\t\t\t\t\t\t\t\t\t<div id=\"pp-accordion-tab-title-1863\" class=\"pp-accordion-tab-title\" tabindex=\"0\" data-tab=\"3\" role=\"tab\" aria-controls=\"pp-accordion-tab-content-1863\" aria-expanded=\"false\">\n\t\t\t\t\t\t<span class=\"pp-accordion-title-icon\">\n\t\t\t\t\t\t\t\t\t\t\t\t\t\t\t<span class=\"pp-accordion-tab-icon pp-icon\">\n\t\t\t\t\t\t\t\t\t<i aria-hidden=\"true\" class=\"fas fa-caret-down\"><\/i>\t\t\t\t\t\t\t\t<\/span>\n\t\t\t\t\t\t\t\t\t\t\t\t\t\t<span class=\"pp-accordion-title-text\">\n\t\t\t\t\t\t\t\tOp\u00e9ra\t\t\t\t\t\t\t<\/span>\n\t\t\t\t\t\t<\/span>\n\t\t\t\t\t\t\t\t\t\t\t<\/div>\n\n\t\t\t\t\t<div id=\"pp-accordion-tab-content-1863\" class=\"pp-accordion-tab-content\" data-tab=\"3\" role=\"tabpanel\" aria-labelledby=\"pp-accordion-tab-title-1863\">\n\t\t\t\t\t\t<h3>Ann\u00e9es 2010<\/h3><p><strong>2015<\/strong> - <em>Le Monde de la Lune<\/em> \u2013 Joseph Haydn<br \/><strong>2014<\/strong> - <em>Le Mariage secret<\/em> \u2013 Domenico Cimarosa<br \/><strong>2013<\/strong> - <em>Le T\u00e9l\u00e9phone et Le Medium<\/em> \u2013 Gian Carlo Menotti<br \/><strong>2012<\/strong> - <em>Hansel et Gretel<\/em> \u2013 Engelbert Humperdinck<br \/><strong>2011<\/strong> - <em>L\u2019Enl\u00e8vement au S\u00e9rail<\/em> \u2013 Wolfgang Amadeus Mozart<br \/><strong>2010<\/strong> - <em>Le Barbier de S\u00e9ville<\/em> \u2013 Gioachino Rossini<\/p><hr \/><h3>Ann\u00e9es 2000<\/h3><p><strong>2009<\/strong> - <em>Tosca<\/em> \u2013 Giacomo Puccini<br \/><strong>2008<\/strong> - <em>Cos\u00ec fan tutte<\/em> \u2013 Wolfgang Amadeus Mozart<br \/><strong>2007<\/strong> - <em>Rigoletto<\/em> \u2013 Giuseppe Verdi<br \/><strong>2006<\/strong> - <em>La Boh\u00e8me<\/em> \u2013 Giacomo Puccini<br \/><strong>2005<\/strong> - <em>L\u2019\u00c9lixir d\u2019amour<\/em> \u2013 Gaetano Donizetti<br \/><strong>2004<\/strong> - <em>Carmen<\/em> \u2013 Georges Bizet<br \/><strong>2002<\/strong> - <em>La Grande Duchesse de Gerolstein<\/em> \u2013 Jacques Offenbach<br \/><strong>2001<\/strong> - <em>La Chauve-Souris<\/em> \u2013 Johann Strauss II<br \/><strong>2000<\/strong> - <em>La Belle H\u00e9l\u00e8ne<\/em> \u2013 Jacques Offenbach<\/p>\t\t\t\t\t<\/div>\n\t\t\t\t<\/div>\n\t\t\t\t\t<\/div>\n\t\t\t\t\t\t<\/div>\n\t\t\t\t<\/div>\n\t\t\t\t\t<\/div>\n\t\t<\/div>\n\t\t\t\t\t<\/div>\n\t\t<\/footer>\n\t\t\t\t\t<\/div>\n\t\t<\/div>\n\t\t\t\t\t<\/div>\n\t\t<\/footer>\n\t\t\t\t<\/div>\n\t\t","protected":false},"excerpt":{"rendered":"<p>Th\u00e9\u00e2tre Ann\u00e9es 2020 2022 &#8211; Ma vie sur un plateau \u2013 Claude Montagn\u00e9 Ann\u00e9es 2010 2016 &#8211; Les Fables en folie \u2013 Jean de la Fontaine2014 &#8211; La For\u00eat mouill\u00e9e &#8211; La Grand-m\u00e8re \u2013 Victor Hugo (cor\u00e9alisation Ville d\u2019Ussel)2013 &#8211; George Dandin \u2013 Moli\u00e8re (cor\u00e9alisation Ville d\u2019Ussel)2013 &#8211; La Der des Ders \u2013 Montage Claude Montagn\u00e92012 &#8211; Turcaret \u2013 Alain Ren\u00e9 Lesage (cor\u00e9alisation Ville d\u2019Ussel)2011 &#8211; Turbulences et Petits D\u00e9tails \u2013 Denise Bonal (cor\u00e9alisation Ville d\u2019Ussel)2011 &#8211; Meilleurs souvenirs de Grado \u2013 Franz-Xaver Kroetz Ann\u00e9es 2000 2009 &#8211; Travailler peu vivre beaucoup \u2013 Dino Buzzati, Simone Weil, Franca Rame, Paul Lafargue, Laurence Biberfeld, Henri Pichette2008 &#8211; Le Cabaret de Lestrade \u2013 Luc de Goustine2008 &#8211; Les Sentiers de l\u2019imaginaire \u2013 d\u2019apr\u00e8s contes et l\u00e9gendes populaires2008 &#8211; Le Roi du Silence \u2013 Cr\u00e9ation-commande de Laurence Biberfeld2007 &#8211; Au fil des mots \u2013 d\u2019apr\u00e8s contes et l\u00e9gendes traditionnelles du Limousin2006 &#8211; Bienvenue au Village \u2013 Cr\u00e9ation-commande de Catherine Lefran\u00e7ois2005 &#8211; De l\u2019intrigue et de l\u2019argent \u2013 Parcours \u00e0 travers grandes \u0153uvres du r\u00e9pertoire classique2003 &#8211; Paroles de Femmes \u2013 d\u2019apr\u00e8s l\u2019\u0153uvre d\u2019Yvonne Dubois2003 &#8211; Paroles de Poilus \u2013 Lettres et Carnets du Front (1914-1918)2002 &#8211; Les Chiens ne font pas des chats \u2013 Claude Bourgeyx (mise en sc\u00e8ne Gilles David)2002 &#8211; Parades \u2013 Thomas Simon Gueullette2001 &#8211; L\u2019Invitation aux voyages \u2013 Charles Baudelaire2000 &#8211; Le Cavalier siamois \u2013 Adaptation du r\u00e9cit de Richard Millet Ann\u00e9es 1990 1999 &#8211; Annette et Lubin \u2013 Pastorale de Jean-Fran\u00e7ois Marmontel1998 &#8211; L\u2019Amour flou \u2013 Montage de textes d\u2019auteurs surr\u00e9alistes1997 &#8211; La Rose des Mers \u2013 N\u00e9cati Cumali (1\u00e8re cr\u00e9ation en France \u2013 tourn\u00e9e en Turquie, centres culturels d\u2019Istanbul, Izmir et Ankara)1996 &#8211; Farinades \u2013 d\u2019apr\u00e8s les Farces du Moyen-\u00c2ge1995 &#8211; Un animal dans la lune \u2013 d\u2019apr\u00e8s les Fables de La Fontaine1994 &#8211; La Jalousie du Barbouill\u00e9 \u2013 Moli\u00e8re1993 &#8211; Les Cancans \u2013 Carlo Goldoni1992 &#8211; Pi\u00e8ces d\u00e9tach\u00e9es \u2013 d\u2019apr\u00e8s plusieurs \u0153uvres de Moli\u00e8re1991 &#8211; Le Prince Grec \u2013 Cr\u00e9ation-commande de Luc de Goustine Ann\u00e9es 1980 1989 &#8211; Dom Juan \u2013 d\u2019apr\u00e8s Moli\u00e8re (tourn\u00e9e en Belgique et aux Pays-Bas)1988 &#8211; La Guerre aux \u00c9tangs \u2013 Cr\u00e9ation-commande de Jacques Bens1988 &#8211; Avoir le Tigre \u2013 Dario Fo1987 &#8211; La M\u00e8re Confidente \u2013 Marivaux1986 &#8211; Geoffroy T\u00eate Noire \u2013 Cr\u00e9ation-commande de Jacques Bens Lecture Ann\u00e9es 2020 2025\u00a0&#8211; Ecritures limousines \u2013 Sylvie Peyronnet &#8211; Sylvette Marty &#8211; Laure Montagn\u00e92024 &#8211; De l&rsquo;\u00e9tincelle \u00e0 la flamme \u2013 Sylvie Peyronnet et Marion Melnotte2022 &#8211; Paroles de Femmes \u2013 Olympe de Gouges, Virginia Woolf, Gis\u00e8le Halimi, Camille LaurensEt aussi : Marc Isra\u00ebl Lepelletier, Koulsy Lamko, Augey Makey, Moussa Konat\u00e9, Abderrahmane Loun\u00e8s (Festival Francophonies)2021 &#8211; Lecture Ga\u00eblle Josse2021 &#8211; La Grande Peur de Saint-Angel \u2013 Luc de Goustine (Journ\u00e9e du patrimoine)2021 &#8211; Lectures au Prieur\u00e9 \u2013 Simon Louradour, Marcelle Delpastre, Jean Giono, Georges Brassens, Maurice Barr\u00e8s, Marcel Pagnol, Max Rouquette, Jean de La Fontaine Ann\u00e9es 2010 2017 &#8211; Des gens comme \u00e7a \u2013 Claude Bourgeyx2017 &#8211; La Sieste litt\u00e9raire \u2013 Montage po\u00e9tique \u00e0 partir d\u2019\u0153uvres de Victor Hugo, Charles Baudelaire, Luis Sep\u00falveda, Max Rouquette, Abdellatif La\u00e2bi2016 &#8211; La Parole contraire \u2013 Erri de Luca2015 &#8211; Les Fianc\u00e9s de Vorey \u2013 Thelma Dumas2013 &#8211; Le Jeu de Patience \u2013 Louis Guilloux2012 &#8211; Les Justes \u2013 Albert Camus2011 &#8211; Le Paysan c\u00e9leste \u2013 Georges-Emmanuel Clancier2011 &#8211; Nouvelles pour la Libert\u00e9 \u2013 5 nouvelles du recueil Amnesty International (Fran\u00e7ois Bott, Fran\u00e7ois Busnel, Per\u00e7y Kemp, J.-M. Le Cl\u00e9zio, G\u00e9rard Messadi\u00e9) Ann\u00e9es 2000 2010 &#8211; M\u00e9moires \u2013 Jean-Fran\u00e7ois Marmontel2009 &#8211; Le Baiser de la M\u00e9duse \u2013 d\u2019apr\u00e8s l\u2019\u0153uvre de Marcelle Delpastre2008 &#8211; Alcools 1913 \u2013 Apollinaire2007 &#8211; Van Gogh \u2013 Eric Noyer2006 &#8211; Recto Verso \u2013 Correspondances anonymes de la Grande Guerre2005 &#8211; Novecento \u2013 Alessandro Baricco2004 &#8211; L\u2019Hiver \u2013 Richard Millet2003 &#8211; \u00c9crits d\u2019amour \u2013 Claude Bourgeyx Ann\u00e9es 1990 1998 &#8211; La Gloire des Pythre \u2013 L\u2019Amour des trois s\u0153urs Piale \u2013 Richard Millet1997 &#8211; Montaigne, une \u00e2me toute n\u00f4tre \u2013 Alain Postel1996 &#8211; La Petite Voiture de Flammes et de Voix \u2013 Liliane Atlan Op\u00e9ra Ann\u00e9es 2010 2015 &#8211; Le Monde de la Lune \u2013 Joseph Haydn2014 &#8211; Le Mariage secret \u2013 Domenico Cimarosa2013 &#8211; Le T\u00e9l\u00e9phone et Le Medium \u2013 Gian Carlo Menotti2012 &#8211; Hansel et Gretel \u2013 Engelbert Humperdinck2011 &#8211; L\u2019Enl\u00e8vement au S\u00e9rail \u2013 Wolfgang Amadeus Mozart2010 &#8211; Le Barbier de S\u00e9ville \u2013 Gioachino Rossini Ann\u00e9es 2000 2009 &#8211; Tosca \u2013 Giacomo Puccini2008 &#8211; Cos\u00ec fan tutte \u2013 Wolfgang Amadeus Mozart2007 &#8211; Rigoletto \u2013 Giuseppe Verdi2006 &#8211; La Boh\u00e8me \u2013 Giacomo Puccini2005 &#8211; L\u2019\u00c9lixir d\u2019amour \u2013 Gaetano Donizetti2004 &#8211; Carmen \u2013 Georges Bizet2002 &#8211; La Grande Duchesse de Gerolstein \u2013 Jacques Offenbach2001 &#8211; La Chauve-Souris \u2013 Johann Strauss II2000 &#8211; La Belle H\u00e9l\u00e8ne \u2013 Jacques Offenbach<\/p>\n","protected":false},"author":2,"featured_media":0,"parent":0,"menu_order":0,"comment_status":"closed","ping_status":"closed","template":"","meta":{"site-sidebar-layout":"no-sidebar","site-content-layout":"page-builder","ast-site-content-layout":"default","site-content-style":"default","site-sidebar-style":"default","ast-global-header-display":"","ast-banner-title-visibility":"","ast-main-header-display":"","ast-hfb-above-header-display":"","ast-hfb-below-header-display":"","ast-hfb-mobile-header-display":"","site-post-title":"disabled","ast-breadcrumbs-content":"","ast-featured-img":"disabled","footer-sml-layout":"","theme-transparent-header-meta":"default","adv-header-id-meta":"","stick-header-meta":"","header-above-stick-meta":"","header-main-stick-meta":"","header-below-stick-meta":"","astra-migrate-meta-layouts":"default","ast-page-background-enabled":"default","ast-page-background-meta":{"desktop":{"background-color":"","background-image":"","background-repeat":"repeat","background-position":"center center","background-size":"auto","background-attachment":"scroll","background-type":"","background-media":"","overlay-type":"","overlay-color":"","overlay-opacity":"","overlay-gradient":""},"tablet":{"background-color":"","background-image":"","background-repeat":"repeat","background-position":"center center","background-size":"auto","background-attachment":"scroll","background-type":"","background-media":"","overlay-type":"","overlay-color":"","overlay-opacity":"","overlay-gradient":""},"mobile":{"background-color":"","background-image":"","background-repeat":"repeat","background-position":"center center","background-size":"auto","background-attachment":"scroll","background-type":"","background-media":"","overlay-type":"","overlay-color":"","overlay-opacity":"","overlay-gradient":""}},"ast-content-background-meta":{"desktop":{"background-color":"var(--ast-global-color-5)","background-image":"","background-repeat":"repeat","background-position":"center center","background-size":"auto","background-attachment":"scroll","background-type":"","background-media":"","overlay-type":"","overlay-color":"","overlay-opacity":"","overlay-gradient":""},"tablet":{"background-color":"var(--ast-global-color-5)","background-image":"","background-repeat":"repeat","background-position":"center center","background-size":"auto","background-attachment":"scroll","background-type":"","background-media":"","overlay-type":"","overlay-color":"","overlay-opacity":"","overlay-gradient":""},"mobile":{"background-color":"var(--ast-global-color-5)","background-image":"","background-repeat":"repeat","background-position":"center center","background-size":"auto","background-attachment":"scroll","background-type":"","background-media":"","overlay-type":"","overlay-color":"","overlay-opacity":"","overlay-gradient":""}},"footnotes":""},"class_list":["post-60","page","type-page","status-publish","hentry"],"rttpg_featured_image_url":null,"rttpg_author":{"display_name":false,"author_link":"https:\/\/lakelidone.com\/index.php\/author\/sylviepeyronnet\/"},"rttpg_comment":0,"rttpg_category":null,"rttpg_excerpt":"Th\u00e9\u00e2tre Ann\u00e9es 2020 2022 &#8211; Ma vie sur un plateau \u2013 Claude Montagn\u00e9 Ann\u00e9es 2010 2016 &#8211; Les Fables en folie \u2013 Jean de la Fontaine2014 &#8211; La For\u00eat mouill\u00e9e &#8211; La Grand-m\u00e8re \u2013 Victor Hugo (cor\u00e9alisation Ville d\u2019Ussel)2013 &#8211; George Dandin \u2013 Moli\u00e8re (cor\u00e9alisation Ville d\u2019Ussel)2013 &#8211; La Der des Ders \u2013 Montage Claude\u2026","_links":{"self":[{"href":"https:\/\/lakelidone.com\/index.php\/wp-json\/wp\/v2\/pages\/60","targetHints":{"allow":["GET"]}}],"collection":[{"href":"https:\/\/lakelidone.com\/index.php\/wp-json\/wp\/v2\/pages"}],"about":[{"href":"https:\/\/lakelidone.com\/index.php\/wp-json\/wp\/v2\/types\/page"}],"author":[{"embeddable":true,"href":"https:\/\/lakelidone.com\/index.php\/wp-json\/wp\/v2\/users\/2"}],"replies":[{"embeddable":true,"href":"https:\/\/lakelidone.com\/index.php\/wp-json\/wp\/v2\/comments?post=60"}],"version-history":[{"count":65,"href":"https:\/\/lakelidone.com\/index.php\/wp-json\/wp\/v2\/pages\/60\/revisions"}],"predecessor-version":[{"id":2046,"href":"https:\/\/lakelidone.com\/index.php\/wp-json\/wp\/v2\/pages\/60\/revisions\/2046"}],"wp:attachment":[{"href":"https:\/\/lakelidone.com\/index.php\/wp-json\/wp\/v2\/media?parent=60"}],"curies":[{"name":"wp","href":"https:\/\/api.w.org\/{rel}","templated":true}]}}